{"id":2794,"date":"2019-05-13T09:07:29","date_gmt":"2019-05-13T07:07:29","guid":{"rendered":"https:\/\/soziale-arbeit-mittelmark.de\/archiv\/?page_id=2794"},"modified":"2022-09-15T09:49:18","modified_gmt":"2022-09-15T07:49:18","slug":"impressum","status":"publish","type":"page","link":"https:\/\/soziale-arbeit-mittelmark.de\/archiv\/impressum\/","title":{"rendered":"Impressum"},"content":{"rendered":"<p>[et_pb_section fb_built=&#8220;1&#8243; _builder_version=&#8220;4.18.0&#8243; custom_padding=&#8220;0px||0px||true|false&#8220; locked=&#8220;off&#8220;][et_pb_row custom_padding=&#8220;2vw||||false|false&#8220; _builder_version=&#8220;4.18.0&#8243;][et_pb_column type=&#8220;4_4&#8243; _builder_version=&#8220;3.0.47&#8243; parallax=&#8220;off&#8220; parallax_method=&#8220;on&#8220;][et_pb_image src=&#8220;https:\/\/soziale-arbeit-mittelmark.de\/wp-content\/uploads\/2022\/07\/Logo_SAM_Rainbow800.jpg&#8220; title_text=&#8220;Logo_SAM_Rainbow800&#8243; align=&#8220;right&#8220; _builder_version=&#8220;3.18.7&#8243; max_width=&#8220;600px&#8220;][\/et_pb_image][\/et_pb_column][\/et_pb_row][\/et_pb_section][et_pb_section fb_built=&#8220;1&#8243; _builder_version=&#8220;3.0.47&#8243;][et_pb_row _builder_version=&#8220;3.0.48&#8243; background_size=&#8220;initial&#8220; background_position=&#8220;top_left&#8220; background_repeat=&#8220;repeat&#8220;][et_pb_column type=&#8220;4_4&#8243; _builder_version=&#8220;3.0.47&#8243; parallax=&#8220;off&#8220; parallax_method=&#8220;on&#8220;][et_pb_text _builder_version=&#8220;3.18.7&#8243; header_font=&#8220;||||||||&#8220;]<\/p>\n<h1>Impressum<\/h1>\n<p>Angaben gem\u00e4\u00df \u00a7 5 TMG:<\/p>\n<h3>Soziale Arbeit Mittelmark e.V. &#8211; ehemals AAfV-PM e.V.<\/h3>\n<p>Kuhlowitzer Dorfstra\u00dfe 9,<br \/> 14806 Bad Belzig OT Kuhlowitz<\/p>\n<p>Tel. 033841 \u2013 450 370<br \/> Fax 033841 \u2013 450 379<\/p>\n<p>E-Mail info(at)samev.de<br \/> Internet https:\/\/soziale-arbeit-mittelmark.de<\/p>\n<p><strong>Inhaltliche Verantwortung:<\/strong><br \/> Soziale Arbeit Mittelmark e.V.<\/p>\n<p><strong>Vorstandsvorsitzende:<\/strong> Eveline Vogel, Bad Belzig<br \/> <strong>Gesch\u00e4ftsf\u00fchrer:<\/strong> Dr. Johannes Blatt<\/p>\n<p>Gerichtsstand: Amtsgericht Potsdam<br \/> Registernummer: VR 3617 P, AG Potsdam<br \/> Steuernummer: 048\/140\/09497<\/p>\n<p>Bankverbindung: Mittelbrandenburgische Sparkasse Potsdam<br \/> IBAN DE 81 160 500 003 651 013 137<br \/> BIC WELADED1PMB<\/p>\n<h3>Disclaimer<\/h3>\n<p><strong>Haftung f\u00fcr Inhalte<\/strong><\/p>\n<p>Als Diensteanbieter sind wir gem\u00e4\u00df \u00a7 7 Abs.1 TMG f\u00fcr eigene Inhalte auf diesen Seiten nach den allgemeinen Gesetzen verantwortlich. Nach \u00a7\u00a7 8 bis 10 TMG sind wir als Diensteanbieter jedoch nicht verpflichtet, \u00fcbermittelte oder gespeicherte fremde Informationen zu \u00fcberwachen oder nach Umst\u00e4nden zu forschen, die auf eine rechtswidrige T\u00e4tigkeit hinweisen. Verpflichtungen zur Entfernung oder Sperrung der Nutzung von Informationen nach den allgemeinen Gesetzen bleiben hiervon unber\u00fchrt. Eine diesbez\u00fcgliche Haftung ist jedoch erst ab dem Zeitpunkt der Kenntnis einer konkreten Rechtsverletzung m\u00f6glich. Bei Bekanntwerden von entsprechenden Rechtsverletzungen werden wir diese Inhalte umgehend entfernen.<\/p>\n<p><strong>Haftung f\u00fcr Links<\/strong><\/p>\n<p>Unser Angebot enth\u00e4lt Links zu externen Webseiten Dritter, auf deren Inhalte wir keinen Einfluss haben. Deshalb k\u00f6nnen wir f\u00fcr diese fremden Inhalte auch keine Gew\u00e4hr \u00fcbernehmen. F\u00fcr die Inhalte der verlinkten Seiten ist stets der jeweilige Anbieter oder Betreiber der Seiten verantwortlich. Die verlinkten Seiten wurden zum Zeitpunkt der Verlinkung auf m\u00f6gliche Rechtsverst\u00f6\u00dfe \u00fcberpr\u00fcft. Rechtswidrige Inhalte waren zum Zeitpunkt der Verlinkung nicht erkennbar. Eine permanente inhaltliche Kontrolle der verlinkten Seiten ist jedoch ohne konkrete Anhaltspunkte einer Rechtsverletzung nicht zumutbar. Bei Bekanntwerden von Rechtsverletzungen werden wir derartige Links umgehend entfernen.<\/p>\n<p><strong>Urheberrecht<\/strong><\/p>\n<p>Die durch die Seitenbetreiber erstellten Inhalte und Werke auf diesen Seiten unterliegen dem deutschen Urheberrecht. Die Vervielf\u00e4ltigung, Bearbeitung, Verbreitung und jede Art der Verwertung au\u00dferhalb der Grenzen des Urheberrechtes bed\u00fcrfen der schriftlichen Zustimmung des jeweiligen Autors bzw. Erstellers. Downloads und Kopien dieser Seite sind nur f\u00fcr den privaten, nicht kommerziellen Gebrauch gestattet. Soweit die Inhalte auf dieser Seite nicht vom Betreiber erstellt wurden, werden die Urheberrechte Dritter beachtet. Insbesondere werden Inhalte Dritter als solche gekennzeichnet. Sollten Sie trotzdem auf eine Urheberrechtsverletzung aufmerksam werden, bitten wir um einen entsprechenden Hinweis. Bei Bekanntwerden von Rechtsverletzungen werden wir derartige Inhalte umgehend entfernen.<\/p>\n<p>&nbsp;<\/p>\n<p>Verantwortlich f\u00fcr journalistisch-redaktionelle Inhalte i.s.d. \u00a755II RStV: Matthias Ambs<\/p>\n<h3>Webdesign<\/h3>\n<p>Erstellt und betreut: Internetagentur wiso-data | <a href=\"http:\/\/wiso-data.de\" target=\"_blank\" rel=\"noopener noreferrer\">www.wiso-data.de<\/a><\/p>\n<p>[\/et_pb_text][\/et_pb_column][\/et_pb_row][\/et_pb_section]<\/p>\n","protected":false},"excerpt":{"rendered":"<p>Impressum Angaben gem\u00e4\u00df \u00a7 5 TMG: Soziale Arbeit Mittelmark e.V. &#8211; ehemals AAfV-PM e.V. Kuhlowitzer Dorfstra\u00dfe 9, 14806 Bad Belzig OT Kuhlowitz Tel. 033841 \u2013 450 370 Fax 033841 \u2013 450 379 E-Mail info(at)samev.de Internet https:\/\/soziale-arbeit-mittelmark.de Inhaltliche Verantwortung: Soziale Arbeit Mittelmark e.V. Vorstandsvorsitzende: Eveline Vogel, Bad Belzig Gesch\u00e4ftsf\u00fchrer: Dr. Johannes Blatt Gerichtsstand: Amtsgericht Potsdam Registernummer: [&hellip;]<\/p>\n","protected":false},"author":1,"featured_media":0,"parent":0,"menu_order":11,"comment_status":"closed","ping_status":"closed","template":"","meta":{"_et_pb_use_builder":"on","_et_pb_old_content":"","_et_gb_content_width":""},"yoast_head":"<!-- This site is optimized with the Yoast SEO plugin v19.14 - https:\/\/yoast.com\/wordpress\/plugins\/seo\/ -->\n<title>Impressum - Archiv Soziale Arbeit Mittelmark<\/title>\n<meta name=\"robots\" content=\"index, follow, max-snippet:-1, max-image-preview:large, max-video-preview:-1\" \/>\n<link rel=\"canonical\" href=\"https:\/\/soziale-arbeit-mittelmark.de\/archiv\/impressum\/\" \/>\n<meta property=\"og:locale\" content=\"de_DE\" \/>\n<meta property=\"og:type\" content=\"article\" \/>\n<meta property=\"og:title\" content=\"Impressum - Archiv Soziale Arbeit Mittelmark\" \/>\n<meta property=\"og:description\" content=\"Impressum Angaben gem\u00e4\u00df \u00a7 5 TMG: Soziale Arbeit Mittelmark e.V. - ehemals AAfV-PM e.V. Kuhlowitzer Dorfstra\u00dfe 9, 14806 Bad Belzig OT Kuhlowitz Tel. 033841 \u2013 450 370 Fax 033841 \u2013 450 379 E-Mail info(at)samev.de Internet https:\/\/soziale-arbeit-mittelmark.de Inhaltliche Verantwortung: Soziale Arbeit Mittelmark e.V. Vorstandsvorsitzende: Eveline Vogel, Bad Belzig Gesch\u00e4ftsf\u00fchrer: Dr. Johannes Blatt Gerichtsstand: Amtsgericht Potsdam Registernummer: [&hellip;]\" \/>\n<meta property=\"og:url\" content=\"https:\/\/soziale-arbeit-mittelmark.de\/archiv\/impressum\/\" \/>\n<meta property=\"og:site_name\" content=\"Archiv Soziale Arbeit Mittelmark\" \/>\n<meta property=\"article:modified_time\" content=\"2022-09-15T07:49:18+00:00\" \/>\n<meta name=\"twitter:card\" content=\"summary_large_image\" \/>\n<meta name=\"twitter:label1\" content=\"Gesch\u00e4tzte Lesezeit\" \/>\n\t<meta name=\"twitter:data1\" content=\"3\u00a0Minuten\" \/>\n<script type=\"application\/ld+json\" class=\"yoast-schema-graph\">{\"@context\":\"https:\/\/schema.org\",\"@graph\":[{\"@type\":\"WebPage\",\"@id\":\"https:\/\/soziale-arbeit-mittelmark.de\/archiv\/impressum\/\",\"url\":\"https:\/\/soziale-arbeit-mittelmark.de\/archiv\/impressum\/\",\"name\":\"Impressum - Archiv Soziale Arbeit Mittelmark\",\"isPartOf\":{\"@id\":\"https:\/\/soziale-arbeit-mittelmark.de\/archiv\/#website\"},\"datePublished\":\"2019-05-13T07:07:29+00:00\",\"dateModified\":\"2022-09-15T07:49:18+00:00\",\"breadcrumb\":{\"@id\":\"https:\/\/soziale-arbeit-mittelmark.de\/archiv\/impressum\/#breadcrumb\"},\"inLanguage\":\"de\",\"potentialAction\":[{\"@type\":\"ReadAction\",\"target\":[\"https:\/\/soziale-arbeit-mittelmark.de\/archiv\/impressum\/\"]}]},{\"@type\":\"BreadcrumbList\",\"@id\":\"https:\/\/soziale-arbeit-mittelmark.de\/archiv\/impressum\/#breadcrumb\",\"itemListElement\":[{\"@type\":\"ListItem\",\"position\":1,\"name\":\"Startseite\",\"item\":\"https:\/\/soziale-arbeit-mittelmark.de\/archiv\/\"},{\"@type\":\"ListItem\",\"position\":2,\"name\":\"Impressum\"}]},{\"@type\":\"WebSite\",\"@id\":\"https:\/\/soziale-arbeit-mittelmark.de\/archiv\/#website\",\"url\":\"https:\/\/soziale-arbeit-mittelmark.de\/archiv\/\",\"name\":\"Archiv Soziale Arbeit Mittelmark\",\"description\":\"Eine weitere WordPress-Website\",\"potentialAction\":[{\"@type\":\"SearchAction\",\"target\":{\"@type\":\"EntryPoint\",\"urlTemplate\":\"https:\/\/soziale-arbeit-mittelmark.de\/archiv\/?s={search_term_string}\"},\"query-input\":\"required name=search_term_string\"}],\"inLanguage\":\"de\"}]}<\/script>\n<!-- \/ Yoast SEO plugin. -->","yoast_head_json":{"title":"Impressum - Archiv Soziale Arbeit Mittelmark","robots":{"index":"index","follow":"follow","max-snippet":"max-snippet:-1","max-image-preview":"max-image-preview:large","max-video-preview":"max-video-preview:-1"},"canonical":"https:\/\/soziale-arbeit-mittelmark.de\/archiv\/impressum\/","og_locale":"de_DE","og_type":"article","og_title":"Impressum - Archiv Soziale Arbeit Mittelmark","og_description":"Impressum Angaben gem\u00e4\u00df \u00a7 5 TMG: Soziale Arbeit Mittelmark e.V. - ehemals AAfV-PM e.V. Kuhlowitzer Dorfstra\u00dfe 9, 14806 Bad Belzig OT Kuhlowitz Tel. 033841 \u2013 450 370 Fax 033841 \u2013 450 379 E-Mail info(at)samev.de Internet https:\/\/soziale-arbeit-mittelmark.de Inhaltliche Verantwortung: Soziale Arbeit Mittelmark e.V. Vorstandsvorsitzende: Eveline Vogel, Bad Belzig Gesch\u00e4ftsf\u00fchrer: Dr. Johannes Blatt Gerichtsstand: Amtsgericht Potsdam Registernummer: [&hellip;]","og_url":"https:\/\/soziale-arbeit-mittelmark.de\/archiv\/impressum\/","og_site_name":"Archiv Soziale Arbeit Mittelmark","article_modified_time":"2022-09-15T07:49:18+00:00","twitter_card":"summary_large_image","twitter_misc":{"Gesch\u00e4tzte Lesezeit":"3\u00a0Minuten"},"schema":{"@context":"https:\/\/schema.org","@graph":[{"@type":"WebPage","@id":"https:\/\/soziale-arbeit-mittelmark.de\/archiv\/impressum\/","url":"https:\/\/soziale-arbeit-mittelmark.de\/archiv\/impressum\/","name":"Impressum - Archiv Soziale Arbeit Mittelmark","isPartOf":{"@id":"https:\/\/soziale-arbeit-mittelmark.de\/archiv\/#website"},"datePublished":"2019-05-13T07:07:29+00:00","dateModified":"2022-09-15T07:49:18+00:00","breadcrumb":{"@id":"https:\/\/soziale-arbeit-mittelmark.de\/archiv\/impressum\/#breadcrumb"},"inLanguage":"de","potentialAction":[{"@type":"ReadAction","target":["https:\/\/soziale-arbeit-mittelmark.de\/archiv\/impressum\/"]}]},{"@type":"BreadcrumbList","@id":"https:\/\/soziale-arbeit-mittelmark.de\/archiv\/impressum\/#breadcrumb","itemListElement":[{"@type":"ListItem","position":1,"name":"Startseite","item":"https:\/\/soziale-arbeit-mittelmark.de\/archiv\/"},{"@type":"ListItem","position":2,"name":"Impressum"}]},{"@type":"WebSite","@id":"https:\/\/soziale-arbeit-mittelmark.de\/archiv\/#website","url":"https:\/\/soziale-arbeit-mittelmark.de\/archiv\/","name":"Archiv Soziale Arbeit Mittelmark","description":"Eine weitere WordPress-Website","potentialAction":[{"@type":"SearchAction","target":{"@type":"EntryPoint","urlTemplate":"https:\/\/soziale-arbeit-mittelmark.de\/archiv\/?s={search_term_string}"},"query-input":"required name=search_term_string"}],"inLanguage":"de"}]}},"_links":{"self":[{"href":"https:\/\/soziale-arbeit-mittelmark.de\/archiv\/wp-json\/wp\/v2\/pages\/2794"}],"collection":[{"href":"https:\/\/soziale-arbeit-mittelmark.de\/archiv\/wp-json\/wp\/v2\/pages"}],"about":[{"href":"https:\/\/soziale-arbeit-mittelmark.de\/archiv\/wp-json\/wp\/v2\/types\/page"}],"author":[{"embeddable":true,"href":"https:\/\/soziale-arbeit-mittelmark.de\/archiv\/wp-json\/wp\/v2\/users\/1"}],"replies":[{"embeddable":true,"href":"https:\/\/soziale-arbeit-mittelmark.de\/archiv\/wp-json\/wp\/v2\/comments?post=2794"}],"version-history":[{"count":2,"href":"https:\/\/soziale-arbeit-mittelmark.de\/archiv\/wp-json\/wp\/v2\/pages\/2794\/revisions"}],"predecessor-version":[{"id":2852,"href":"https:\/\/soziale-arbeit-mittelmark.de\/archiv\/wp-json\/wp\/v2\/pages\/2794\/revisions\/2852"}],"wp:attachment":[{"href":"https:\/\/soziale-arbeit-mittelmark.de\/archiv\/wp-json\/wp\/v2\/media?parent=2794"}],"curies":[{"name":"wp","href":"https:\/\/api.w.org\/{rel}","templated":true}]}}